{"id":88,"date":"2020-08-10T08:56:50","date_gmt":"2020-08-10T08:56:50","guid":{"rendered":"https:\/\/demo2wpopal.b-cdn.net\/freshio\/contact-us\/"},"modified":"2023-10-03T02:29:40","modified_gmt":"2023-10-02T23:29:40","slug":"contact-us","status":"publish","type":"page","link":"https:\/\/caneruslu.com\/?page_id=88","title":{"rendered":"\u0130leti\u015fim"},"content":{"rendered":"\t\t<div data-elementor-type=\"wp-page\" data-elementor-id=\"88\" class=\"elementor elementor-88\" data-elementor-post-type=\"page\">\n\t\t\t\t\t\t\t\t\t<div class=\"elementor-section elementor-top-section elementor-element elementor-element-39c81f0 elementor-section-stretched elementor-section-boxed elementor-section-height-default elementor-section-height-default\" data-id=\"39c81f0\" data-element_type=\"section\" data-settings=\"{&quot;stretch_section&quot;:&quot;section-stretched&quot;}\">\n\t\t\t\t\t\t<div class=\"elementor-container elementor-column-gap-no\">\n\t\t\t\t\t<div class=\"elementor-column elementor-col-50 elementor-top-column elementor-element elementor-element-f8eef6a\" data-id=\"f8eef6a\" data-element_type=\"column\">\n\t\t\t<div class=\"elementor-widget-wrap elementor-element-populated\">\n\t\t\t\t\t\t\t\t<div class=\"elementor-element elementor-element-7e35025 elementor-widget elementor-widget-image\" data-id=\"7e35025\" data-element_type=\"widget\" data-widget_type=\"image.default\">\n\t\t\t\t<div class=\"elementor-widget-container\">\n\t\t\t\t\t\t\t\t\t\t\t\t\t\t\t<img decoding=\"async\" loading=\"lazy\" width=\"1024\" height=\"1287\" src=\"https:\/\/caneruslu.com\/wp-content\/uploads\/2023\/10\/pngwing.com_.png\" class=\"attachment-full size-full wp-image-7076\" alt=\"Milas Zeytincisi\" srcset=\"https:\/\/caneruslu.com\/wp-content\/uploads\/2023\/10\/pngwing.com_.png 1024w, https:\/\/caneruslu.com\/wp-content\/uploads\/2023\/10\/pngwing.com_-239x300.png 239w, https:\/\/caneruslu.com\/wp-content\/uploads\/2023\/10\/pngwing.com_-815x1024.png 815w, https:\/\/caneruslu.com\/wp-content\/uploads\/2023\/10\/pngwing.com_-768x965.png 768w\" sizes=\"(max-width: 1024px) 100vw, 1024px\" \/>\t\t\t\t\t\t\t\t\t\t\t\t\t\t\t<\/div>\n\t\t\t\t<\/div>\n\t\t\t\t<div class=\"elementor-element elementor-element-33e96ea elementor-widget__width-auto elementor-absolute elementor-hidden-phone elementor-invisible elementor-widget elementor-widget-image\" data-id=\"33e96ea\" data-element_type=\"widget\" data-settings=\"{&quot;_animation&quot;:&quot;opal-move-down&quot;,&quot;_position&quot;:&quot;absolute&quot;,&quot;motion_fx_motion_fx_scrolling&quot;:&quot;yes&quot;,&quot;motion_fx_translateY_effect&quot;:&quot;yes&quot;,&quot;_animation_delay&quot;:200,&quot;motion_fx_translateY_speed&quot;:{&quot;unit&quot;:&quot;px&quot;,&quot;size&quot;:4,&quot;sizes&quot;:[]},&quot;motion_fx_translateY_affectedRange&quot;:{&quot;unit&quot;:&quot;%&quot;,&quot;size&quot;:&quot;&quot;,&quot;sizes&quot;:{&quot;start&quot;:0,&quot;end&quot;:100}},&quot;motion_fx_devices&quot;:[&quot;desktop&quot;,&quot;tablet&quot;,&quot;mobile&quot;]}\" data-widget_type=\"image.default\">\n\t\t\t\t<div class=\"elementor-widget-container\">\n\t\t\t\t\t\t\t\t\t\t\t\t\t\t\t<img decoding=\"async\" loading=\"lazy\" width=\"195\" height=\"300\" src=\"https:\/\/caneruslu.com\/wp-content\/uploads\/2023\/10\/pngwing.com-2-195x300.png\" class=\"attachment-medium size-medium wp-image-7074\" alt=\"\" srcset=\"https:\/\/caneruslu.com\/wp-content\/uploads\/2023\/10\/pngwing.com-2-195x300.png 195w, https:\/\/caneruslu.com\/wp-content\/uploads\/2023\/10\/pngwing.com-2.png 649w\" sizes=\"(max-width: 195px) 100vw, 195px\" \/>\t\t\t\t\t\t\t\t\t\t\t\t\t\t\t<\/div>\n\t\t\t\t<\/div>\n\t\t\t\t\t<\/div>\n\t\t<\/div>\n\t\t\t\t<div class=\"elementor-column elementor-col-50 elementor-top-column elementor-element elementor-element-99e7d44\" data-id=\"99e7d44\" data-element_type=\"column\">\n\t\t\t<div class=\"elementor-widget-wrap elementor-element-populated\">\n\t\t\t\t\t\t\t\t<div class=\"elementor-element elementor-element-dbcd260 elementor-widget elementor-widget-heading\" data-id=\"dbcd260\" data-element_type=\"widget\" data-widget_type=\"heading.default\">\n\t\t\t\t<div class=\"elementor-widget-container\">\n\t\t\t<h2 class=\"elementor-heading-title elementor-size-default\">\u0130stekleriniz \u0130\u00e7in L\u00fctfen Ula\u015f\u0131n\u0131z.<\/h2>\t\t<\/div>\n\t\t\t\t<\/div>\n\t\t\t\t<div class=\"elementor-element elementor-element-257c0ec elementor-widget elementor-widget-text-editor\" data-id=\"257c0ec\" data-element_type=\"widget\" data-widget_type=\"text-editor.default\">\n\t\t\t\t<div class=\"elementor-widget-container\">\n\t\t\t\t\t\t\t<div>Mu\u011fla Zeytinin Ana Vatan\u0131<\/div><div>\u00a0<\/div><div>Zeytincilik, dolay\u0131s\u0131yla zeytin ya\u011fc\u0131l\u0131k \u00e7ok ilgin\u00e7 bir u\u011fra\u015ft\u0131r.Eskiler, &#8220;pa\u00e7as\u0131na bir kez zeytinya\u011f\u0131 bula\u015fan, bir daha ondan s\u0131yr\u0131lamaz&#8221; derler. Ge\u00e7imlerini sa\u011flamak i\u00e7in zeytincilikle u\u011fra\u015fan ki\u015filerin para kazanamad\u0131klar\u0131 d\u00f6nemlerde bile ondan kopamamalar\u0131, ailesi bir zamanlar bu i\u015fle u\u011fra\u015fm\u0131\u015f olanlar\u0131n, yani pa\u00e7as\u0131na ya\u011f bula\u015fanlar\u0131n sekt\u00f6re bir \u015fekilde d\u00f6n\u00fcp s\u0131k\u0131lmak \u00fczere hen\u00fcz k\u0131r\u0131lm\u0131\u015f taze zeytinlerden gelen o ye\u015fil \u00e7imen, \u00e7a\u011fla badem, kekik dolu, hayat kokusunu i\u00e7lerine \u00e7ekmek i\u00e7in yan\u0131p tutu\u015fmalar\u0131 hep bu y\u00fczdendir.<\/div><div>\u00a0<\/div><div>T\u00fcm \u015fifa veren \u00f6zelliklerinin yan\u0131nda, son y\u0131llarda yap\u0131lan bilimsel ara\u015ft\u0131rmalar, s\u0131zma zeytinya\u011f\u0131n\u0131n; bebeklikte, beyin ve sinir sitemi geli\u015fimini desteklerken, ya\u015fl\u0131l\u0131kta da ya\u015flanman\u0131n beyin fonksiyonlar\u0131 \u00fczerindeki etkilerini geciktirerek &#8220;demans&#8221; ve &#8220;alzheimer&#8221; hastal\u0131klar\u0131n\u0131 \u00f6nlemeye yard\u0131mc\u0131 oldu\u011funu g\u00f6stermi\u015ftir. Beynimiz; &#8220;serotonin&#8221; ve &#8220;dopamin&#8221; gibi mutluluk verici hormonlar\u0131n yeterli miktarlar\u0131n\u0131 alamad\u0131\u011f\u0131nda ki\u015fide, duygu durum bozuklu\u011fu ve depresyon hali ortaya \u00e7\u0131kabilmektedir. S\u0131zma zeytinya\u011f\u0131n\u0131n hormon dengeleyici ve anti-enfalamatuar etkisi ise bu durumu konTrol alt\u0131na almakta, dolay\u0131s\u0131yla insana mutluluk vermektedir.<\/div><div>\u00a0<\/div><div>San\u0131r\u0131m; zeytin a\u011fac\u0131n\u0131n t\u00fcm kadim kaynaklarda \u00f6l\u00fcms\u00fczl\u00fck ile \u00f6zde\u015fle\u015ftirilmesi ve zeytinya\u011f\u0131n\u0131n insan\u0131 mutluluk ve \u015fifaya ula\u015ft\u0131raca\u011f\u0131 d\u00fc\u015f\u00fcncesi, daha \u00fcretim a\u015famas\u0131nda insan beyninde tan\u0131mlanmakta, sonras\u0131nda zeytinya\u011f\u0131 t\u00fcketilip, sa\u011fl\u0131k ve mutluluk ile ilgili beklentiler kar\u015f\u0131land\u0131\u011f\u0131nda da bu \u00f6\u011freti genetik olarak gelecek nesillere aktar\u0131lmaktad\u0131r. Yaz\u0131m\u0131n ba\u015f\u0131nda belirtti\u011fim zeytin ve zeytinya\u011f\u0131 ile u\u011fra\u015fan ki\u015filerin ve onlar\u0131n nesillerinin sekt\u00f6rden kopmamalar\u0131n\u0131n, hatta zeytinle olumlu ve olumsuz her durumda mutlu olmalar\u0131n\u0131n tek a\u00e7\u0131klamas\u0131 bu olabilir.<\/div><div>\u00a0<\/div><div>&#8220;U\u011fur \u00d6zen Bilge A\u011fa\u00e7 Dergisi Eyl\u00fcl 2019&#8221;<\/div>\t\t\t\t\t\t<\/div>\n\t\t\t\t<\/div>\n\t\t\t\t<div class=\"elementor-section elementor-inner-section elementor-element elementor-element-a33b46b elementor-section-boxed elementor-section-height-default elementor-section-height-default\" data-id=\"a33b46b\" data-element_type=\"section\">\n\t\t\t\t\t\t<div class=\"elementor-container elementor-column-gap-no\">\n\t\t\t\t\t<div class=\"elementor-column elementor-col-50 elementor-inner-column elementor-element elementor-element-c97ab09\" data-id=\"c97ab09\" data-element_type=\"column\">\n\t\t\t<div class=\"elementor-widget-wrap elementor-element-populated\">\n\t\t\t\t\t\t\t\t<div class=\"elementor-element elementor-element-57fdfee elementor-widget elementor-widget-image-box\" data-id=\"57fdfee\" data-element_type=\"widget\" data-widget_type=\"image-box.default\">\n\t\t\t\t<div class=\"elementor-widget-container\">\n\t\t\t<div class=\"elementor-image-box-wrapper\"><div class=\"elementor-image-box-content\"><h3 class=\"elementor-image-box-title\">\u00dcretim ve sat\u0131\u015f yerimiz<\/h3><p class=\"elementor-image-box-description\">Karacahisar K\u00f6y\u00fc\/Milas\/Mu\u011fla<\/p><\/div><\/div>\t\t<\/div>\n\t\t\t\t<\/div>\n\t\t\t\t<div class=\"elementor-element elementor-element-360b6b3 elementor-widget elementor-widget-image-box\" data-id=\"360b6b3\" data-element_type=\"widget\" data-widget_type=\"image-box.default\">\n\t\t\t\t<div class=\"elementor-widget-container\">\n\t\t\t<div class=\"elementor-image-box-wrapper\"><div class=\"elementor-image-box-content\"><h3 class=\"elementor-image-box-title\">ileti\u015fim bilgilerimiz<\/h3><p class=\"elementor-image-box-description\">0541 227 46 41<br>\nmedcezirefe48@gmail.com<\/p><\/div><\/div>\t\t<\/div>\n\t\t\t\t<\/div>\n\t\t\t\t\t<\/div>\n\t\t<\/div>\n\t\t\t\t<div class=\"elementor-column elementor-col-50 elementor-inner-column elementor-element elementor-element-6215f21\" data-id=\"6215f21\" data-element_type=\"column\">\n\t\t\t<div class=\"elementor-widget-wrap elementor-element-populated\">\n\t\t\t\t\t\t\t\t<div class=\"elementor-element elementor-element-6638fe2 elementor-widget elementor-widget-text-editor\" data-id=\"6638fe2\" data-element_type=\"widget\" data-widget_type=\"text-editor.default\">\n\t\t\t\t<div class=\"elementor-widget-container\">\n\t\t\t\t\t\t\t<h5>\u00c7al\u0131\u015fma saatlerimiz<\/h5>\t\t\t\t\t\t<\/div>\n\t\t\t\t<\/div>\n\t\t\t\t<div class=\"elementor-element elementor-element-4ef6fab elementor-widget elementor-widget-text-editor\" data-id=\"4ef6fab\" data-element_type=\"widget\" data-widget_type=\"text-editor.default\">\n\t\t\t\t<div class=\"elementor-widget-container\">\n\t\t\t\t\t\t\t<p>Pazartesi- Cuma:<br \/><span style=\"color: #000000;\">17:00 &#8211; 23:00<\/span><br \/>Cumartesi, Pazar:<br \/><span style=\"color: #000000;\">09:00 &#8211; 17:00<\/span><\/p>\t\t\t\t\t\t<\/div>\n\t\t\t\t<\/div>\n\t\t\t\t\t<\/div>\n\t\t<\/div>\n\t\t\t\t\t\t\t<\/div>\n\t\t<\/div>\n\t\t\t\t<div class=\"elementor-element elementor-element-5254432 elementor-widget__width-auto elementor-absolute elementor-hidden-phone elementor-invisible elementor-widget elementor-widget-image\" data-id=\"5254432\" data-element_type=\"widget\" data-settings=\"{&quot;_position&quot;:&quot;absolute&quot;,&quot;motion_fx_motion_fx_scrolling&quot;:&quot;yes&quot;,&quot;motion_fx_translateY_effect&quot;:&quot;yes&quot;,&quot;_animation&quot;:&quot;opal-move-down&quot;,&quot;motion_fx_translateY_speed&quot;:{&quot;unit&quot;:&quot;px&quot;,&quot;size&quot;:4,&quot;sizes&quot;:[]},&quot;motion_fx_translateY_affectedRange&quot;:{&quot;unit&quot;:&quot;%&quot;,&quot;size&quot;:&quot;&quot;,&quot;sizes&quot;:{&quot;start&quot;:0,&quot;end&quot;:100}},&quot;motion_fx_devices&quot;:[&quot;desktop&quot;,&quot;tablet&quot;,&quot;mobile&quot;]}\" data-widget_type=\"image.default\">\n\t\t\t\t<div class=\"elementor-widget-container\">\n\t\t\t\t\t\t\t\t\t\t\t\t\t\t\t<img decoding=\"async\" loading=\"lazy\" width=\"300\" height=\"253\" src=\"https:\/\/caneruslu.com\/wp-content\/uploads\/2023\/10\/pngwing.com-1-300x253.png\" class=\"attachment-medium size-medium wp-image-7075\" alt=\"Milas Zeytincisi\" srcset=\"https:\/\/caneruslu.com\/wp-content\/uploads\/2023\/10\/pngwing.com-1-300x253.png 300w, https:\/\/caneruslu.com\/wp-content\/uploads\/2023\/10\/pngwing.com-1-768x648.png 768w, https:\/\/caneruslu.com\/wp-content\/uploads\/2023\/10\/pngwing.com-1.png 800w\" sizes=\"(max-width: 300px) 100vw, 300px\" \/>\t\t\t\t\t\t\t\t\t\t\t\t\t\t\t<\/div>\n\t\t\t\t<\/div>\n\t\t\t\t<div class=\"elementor-element elementor-element-14eefa1 elementor-widget elementor-widget-heading\" data-id=\"14eefa1\" data-element_type=\"widget\" data-widget_type=\"heading.default\">\n\t\t\t\t<div class=\"elementor-widget-container\">\n\t\t\t<h2 class=\"elementor-heading-title elementor-size-default\">Mesaj G\u00f6nder<\/h2>\t\t<\/div>\n\t\t\t\t<\/div>\n\t\t\t\t<div class=\"elementor-element elementor-element-3477432 elementor-button-align-stretch elementor-widget elementor-widget-form\" data-id=\"3477432\" data-element_type=\"widget\" data-settings=\"{&quot;button_width&quot;:&quot;25&quot;,&quot;button_width_tablet&quot;:&quot;50&quot;,&quot;step_next_label&quot;:&quot;Next&quot;,&quot;step_previous_label&quot;:&quot;Previous&quot;,&quot;step_type&quot;:&quot;number_text&quot;,&quot;step_icon_shape&quot;:&quot;circle&quot;}\" data-widget_type=\"form.default\">\n\t\t\t\t<div class=\"elementor-widget-container\">\n\t\t\t\t\t<form class=\"elementor-form\" method=\"post\" name=\"New Form\">\n\t\t\t<input type=\"hidden\" name=\"post_id\" value=\"88\"\/>\n\t\t\t<input type=\"hidden\" name=\"form_id\" value=\"3477432\"\/>\n\t\t\t<input type=\"hidden\" name=\"referer_title\" value=\"\" \/>\n\n\t\t\t\n\t\t\t<div class=\"elementor-form-fields-wrapper elementor-labels-above\">\n\t\t\t\t\t\t\t\t<div class=\"elementor-field-type-text elementor-field-group elementor-column elementor-field-group-name elementor-col-100\">\n\t\t\t\t\t\t\t\t\t\t\t\t\t<input size=\"1\" type=\"text\" name=\"form_fields[name]\" id=\"form-field-name\" class=\"elementor-field elementor-size-sm  elementor-field-textual\" placeholder=\"Ad\u0131n\u0131z Soyad\u0131n\u0131z\">\n\t\t\t\t\t\t\t\t\t\t\t<\/div>\n\t\t\t\t\t\t\t\t<div class=\"elementor-field-type-email elementor-field-group elementor-column elementor-field-group-email elementor-col-100 elementor-field-required\">\n\t\t\t\t\t\t\t\t\t\t\t\t\t<input size=\"1\" type=\"email\" name=\"form_fields[email]\" id=\"form-field-email\" class=\"elementor-field elementor-size-sm  elementor-field-textual\" placeholder=\"Email Adresiniz\" required=\"required\" aria-required=\"true\">\n\t\t\t\t\t\t\t\t\t\t\t<\/div>\n\t\t\t\t\t\t\t\t<div class=\"elementor-field-type-text elementor-field-group elementor-column elementor-field-group-field_a6f70fc elementor-col-100\">\n\t\t\t\t\t\t\t\t\t\t\t\t\t<input size=\"1\" type=\"text\" name=\"form_fields[field_a6f70fc]\" id=\"form-field-field_a6f70fc\" class=\"elementor-field elementor-size-sm  elementor-field-textual\" placeholder=\"Konu\">\n\t\t\t\t\t\t\t\t\t\t\t<\/div>\n\t\t\t\t\t\t\t\t<div class=\"elementor-field-type-textarea elementor-field-group elementor-column elementor-field-group-message elementor-col-100\">\n\t\t\t\t\t<textarea class=\"elementor-field-textual elementor-field  elementor-size-sm\" name=\"form_fields[message]\" id=\"form-field-message\" rows=\"4\" placeholder=\"Mesaj\u0131n\u0131z\"><\/textarea>\t\t\t\t<\/div>\n\t\t\t\t\t\t\t\t<div class=\"elementor-field-group elementor-column elementor-field-type-submit elementor-col-25 e-form__buttons elementor-md-50\">\n\t\t\t\t\t<button type=\"submit\" class=\"elementor-button elementor-size-sm\">\n\t\t\t\t\t\t<span >\n\t\t\t\t\t\t\t\t\t\t\t\t\t\t\t<span class=\" elementor-button-icon\">\n\t\t\t\t\t\t\t\t\t\t\t\t\t\t\t\t\t\t\t\t\t\t\t\t\t\t<\/span>\n\t\t\t\t\t\t\t\t\t\t\t\t\t\t\t\t\t\t\t\t\t\t<span class=\"elementor-button-text\">G\u00f6nder<\/span>\n\t\t\t\t\t\t\t\t\t\t\t\t\t<\/span>\n\t\t\t\t\t<\/button>\n\t\t\t\t<\/div>\n\t\t\t<\/div>\n\t\t<\/form>\n\t\t\t\t<\/div>\n\t\t\t\t<\/div>\n\t\t\t\t<div class=\"elementor-element elementor-element-dc4b02a elementor-widget__width-auto elementor-absolute elementor-hidden-phone elementor-invisible elementor-widget elementor-widget-image\" data-id=\"dc4b02a\" data-element_type=\"widget\" data-settings=\"{&quot;_position&quot;:&quot;absolute&quot;,&quot;motion_fx_motion_fx_scrolling&quot;:&quot;yes&quot;,&quot;motion_fx_translateY_effect&quot;:&quot;yes&quot;,&quot;_animation&quot;:&quot;opal-move-down&quot;,&quot;_animation_delay&quot;:350,&quot;motion_fx_translateY_speed&quot;:{&quot;unit&quot;:&quot;px&quot;,&quot;size&quot;:4,&quot;sizes&quot;:[]},&quot;motion_fx_translateY_affectedRange&quot;:{&quot;unit&quot;:&quot;%&quot;,&quot;size&quot;:&quot;&quot;,&quot;sizes&quot;:{&quot;start&quot;:0,&quot;end&quot;:100}},&quot;motion_fx_devices&quot;:[&quot;desktop&quot;,&quot;tablet&quot;,&quot;mobile&quot;]}\" data-widget_type=\"image.default\">\n\t\t\t\t<div class=\"elementor-widget-container\">\n\t\t\t\t\t\t\t\t\t\t\t\t\t\t\t<img decoding=\"async\" loading=\"lazy\" width=\"230\" height=\"300\" src=\"https:\/\/caneruslu.com\/wp-content\/uploads\/2023\/10\/pngwing.com-4-230x300.png\" class=\"attachment-medium size-medium wp-image-7073\" alt=\"\" srcset=\"https:\/\/caneruslu.com\/wp-content\/uploads\/2023\/10\/pngwing.com-4-230x300.png 230w, https:\/\/caneruslu.com\/wp-content\/uploads\/2023\/10\/pngwing.com-4.png 768w\" sizes=\"(max-width: 230px) 100vw, 230px\" \/>\t\t\t\t\t\t\t\t\t\t\t\t\t\t\t<\/div>\n\t\t\t\t<\/div>\n\t\t\t\t\t<\/div>\n\t\t<\/div>\n\t\t\t\t\t\t\t<\/div>\n\t\t<\/div>\n\t\t\t\t<section class=\"elementor-section elementor-top-section elementor-element elementor-element-a962c04 elementor-section-boxed elementor-section-height-default elementor-section-height-default\" data-id=\"a962c04\" data-element_type=\"section\">\n\t\t\t\t\t\t<div class=\"elementor-container elementor-column-gap-default\">\n\t\t\t\t\t<div class=\"elementor-column elementor-col-100 elementor-top-column elementor-element elementor-element-3402d75\" data-id=\"3402d75\" data-element_type=\"column\">\n\t\t\t<div class=\"elementor-widget-wrap elementor-element-populated\">\n\t\t\t\t\t\t\t\t<div class=\"elementor-element elementor-element-bf06776 elementor-widget elementor-widget-google_maps\" data-id=\"bf06776\" data-element_type=\"widget\" iframe=\"\" data-widget_type=\"google_maps.default\">\n\t\t\t\t<div class=\"elementor-widget-container\">\n\t\t\t\t\t<div class=\"elementor-custom-embed\">\n\t\t\t<iframe loading=\"lazy\"\n\t\t\t\t\tsrc=\"https:\/\/maps.google.com\/maps?q=Karacahisar%20k%C3%B6y%C3%BC%2C%20milas%2C%20mu%C4%9Fla&#038;t=m&#038;z=9&#038;output=embed&#038;iwloc=near\"\n\t\t\t\t\ttitle=\"Karacahisar k\u00f6y\u00fc, milas, mu\u011fla\"\n\t\t\t\t\taria-label=\"Karacahisar k\u00f6y\u00fc, milas, mu\u011fla\"\n\t\t\t><\/iframe>\n\t\t<\/div>\n\t\t\t\t<\/div>\n\t\t\t\t<\/div>\n\t\t\t\t\t<\/div>\n\t\t<\/div>\n\t\t\t\t\t\t\t<\/div>\n\t\t<\/section>\n\t\t\t\t\t\t\t<\/div>\n\t\t","protected":false},"excerpt":{"rendered":"<p>\u0130stekleriniz \u0130\u00e7in L\u00fctfen Ula\u015f\u0131n\u0131z. Mu\u011fla Zeytinin Ana Vatan\u0131\u00a0Zeytincilik, dolay\u0131s\u0131yla zeytin ya\u011fc\u0131l\u0131k \u00e7ok ilgin\u00e7 bir u\u011fra\u015ft\u0131r.Eskiler, &#8220;pa\u00e7as\u0131na bir kez zeytinya\u011f\u0131 bula\u015fan, bir daha ondan s\u0131yr\u0131lamaz&#8221; derler. Ge\u00e7imlerini sa\u011flamak i\u00e7in zeytincilikle u\u011fra\u015fan ki\u015filerin para kazanamad\u0131klar\u0131 d\u00f6nemlerde bile ondan kopamamalar\u0131, ailesi bir zamanlar bu i\u015fle u\u011fra\u015fm\u0131\u015f olanlar\u0131n, yani pa\u00e7as\u0131na ya\u011f bula\u015fanlar\u0131n sekt\u00f6re bir \u015fekilde d\u00f6n\u00fcp s\u0131k\u0131lmak \u00fczere hen\u00fcz [&hellip;]<\/p>\n","protected":false},"author":1,"featured_media":0,"parent":0,"menu_order":0,"comment_status":"closed","ping_status":"closed","template":"","meta":{"inline_featured_image":false,"footnotes":""},"_links":{"self":[{"href":"https:\/\/caneruslu.com\/index.php?rest_route=\/wp\/v2\/pages\/88"}],"collection":[{"href":"https:\/\/caneruslu.com\/index.php?rest_route=\/wp\/v2\/pages"}],"about":[{"href":"https:\/\/caneruslu.com\/index.php?rest_route=\/wp\/v2\/types\/page"}],"author":[{"embeddable":true,"href":"https:\/\/caneruslu.com\/index.php?rest_route=\/wp\/v2\/users\/1"}],"replies":[{"embeddable":true,"href":"https:\/\/caneruslu.com\/index.php?rest_route=%2Fwp%2Fv2%2Fcomments&post=88"}],"version-history":[{"count":63,"href":"https:\/\/caneruslu.com\/index.php?rest_route=\/wp\/v2\/pages\/88\/revisions"}],"predecessor-version":[{"id":7122,"href":"https:\/\/caneruslu.com\/index.php?rest_route=\/wp\/v2\/pages\/88\/revisions\/7122"}],"wp:attachment":[{"href":"https:\/\/caneruslu.com\/index.php?rest_route=%2Fwp%2Fv2%2Fmedia&parent=88"}],"curies":[{"name":"wp","href":"https:\/\/api.w.org\/{rel}","templated":true}]}}